{"id":51,"date":"2014-08-20T11:25:52","date_gmt":"2014-08-20T09:25:52","guid":{"rendered":"http:\/\/ricardamerbeth.com\/?page_id=51"},"modified":"2026-04-15T12:04:50","modified_gmt":"2026-04-15T10:04:50","slug":"vita","status":"publish","type":"page","link":"https:\/\/ricardamerbeth.com\/en\/vita\/","title":{"rendered":"Vita"},"content":{"rendered":"<p>[et_pb_section fb_built=&#8220;1&#8243; fullwidth=&#8220;on&#8220; admin_label=&#8220;section&#8220; module_id=&#8220;#test&#8220; _builder_version=&#8220;4.16&#8243; background_color=&#8220;#ffffff&#8220; transparent_background=&#8220;off&#8220; global_colors_info=&#8220;{}&#8220;][et_pb_fullwidth_slider show_arrows=&#8220;off&#8220; show_pagination=&#8220;off&#8220; admin_label=&#8220;Fullwidth Slider&#8220; _builder_version=&#8220;4.16&#8243; header_line_height=&#8220;3em&#8220; parallax=&#8220;on&#8220; parallax_method=&#8220;on&#8220; custom_padding=&#8220;|||&#8220; custom_padding_tablet=&#8220;|||&#8220; custom_padding_phone=&#8220;|||&#8220; box_shadow_style=&#8220;preset6&#8243; box_shadow_blur=&#8220;10px&#8220; box_shadow_color=&#8220;rgba(0,0,0,0.1)&#8220; remove_inner_shadow=&#8220;off&#8220; hide_content_on_mobile=&#8220;off&#8220; hide_cta_on_mobile=&#8220;off&#8220; show_inner_shadow=&#8220;on&#8220; button_letter_spacing_hover=&#8220;0&#8243; global_colors_info=&#8220;{}&#8220; button_text_size__hover_enabled=&#8220;off&#8220; button_text_size__hover=&#8220;null&#8220; button_one_text_size__hover_enabled=&#8220;off&#8220; button_one_text_size__hover=&#8220;null&#8220; button_two_text_size__hover_enabled=&#8220;off&#8220; button_two_text_size__hover=&#8220;null&#8220; button_text_color__hover_enabled=&#8220;off&#8220; button_text_color__hover=&#8220;null&#8220; button_one_text_color__hover_enabled=&#8220;off&#8220; button_one_text_color__hover=&#8220;null&#8220; button_two_text_color__hover_enabled=&#8220;off&#8220; button_two_text_color__hover=&#8220;null&#8220; button_border_width__hover_enabled=&#8220;off&#8220; button_border_width__hover=&#8220;null&#8220; button_one_border_width__hover_enabled=&#8220;off&#8220; button_one_border_width__hover=&#8220;null&#8220; button_two_border_width__hover_enabled=&#8220;off&#8220; button_two_border_width__hover=&#8220;null&#8220; button_border_color__hover_enabled=&#8220;off&#8220; button_border_color__hover=&#8220;null&#8220; button_one_border_color__hover_enabled=&#8220;off&#8220; button_one_border_color__hover=&#8220;null&#8220; button_two_border_color__hover_enabled=&#8220;off&#8220; button_two_border_color__hover=&#8220;null&#8220; button_border_radius__hover_enabled=&#8220;off&#8220; button_border_radius__hover=&#8220;null&#8220; button_one_border_radius__hover_enabled=&#8220;off&#8220; button_one_border_radius__hover=&#8220;null&#8220; button_two_border_radius__hover_enabled=&#8220;off&#8220; button_two_border_radius__hover=&#8220;null&#8220; button_letter_spacing__hover_enabled=&#8220;on&#8220; button_letter_spacing__hover=&#8220;0&#8243; button_one_letter_spacing__hover_enabled=&#8220;off&#8220; button_one_letter_spacing__hover=&#8220;null&#8220; button_two_letter_spacing__hover_enabled=&#8220;off&#8220; button_two_letter_spacing__hover=&#8220;null&#8220; button_bg_color__hover_enabled=&#8220;off&#8220; button_bg_color__hover=&#8220;null&#8220; button_one_bg_color__hover_enabled=&#8220;off&#8220; button_one_bg_color__hover=&#8220;null&#8220; button_two_bg_color__hover_enabled=&#8220;off&#8220; button_two_bg_color__hover=&#8220;null&#8220;][et_pb_slide heading=&#8220;Vita&#8220; _builder_version=&#8220;4.16&#8243; background_color=&#8220;#ffffff&#8220; background_image=&#8220;https:\/\/ricardamerbeth.com\/wp-content\/uploads\/2014\/11\/MJK-20140605-12408.jpg&#8220; global_colors_info=&#8220;{}&#8220; button_text_size__hover_enabled=&#8220;off&#8220; button_one_text_size__hover_enabled=&#8220;off&#8220; button_two_text_size__hover_enabled=&#8220;off&#8220; button_text_color__hover_enabled=&#8220;off&#8220; button_one_text_color__hover_enabled=&#8220;off&#8220; button_two_text_color__hover_enabled=&#8220;off&#8220; button_border_width__hover_enabled=&#8220;off&#8220; button_one_border_width__hover_enabled=&#8220;off&#8220; button_two_border_width__hover_enabled=&#8220;off&#8220; button_border_color__hover_enabled=&#8220;off&#8220; button_one_border_color__hover_enabled=&#8220;off&#8220; button_two_border_color__hover_enabled=&#8220;off&#8220; button_border_radius__hover_enabled=&#8220;off&#8220; button_one_border_radius__hover_enabled=&#8220;off&#8220; button_two_border_radius__hover_enabled=&#8220;off&#8220; button_letter_spacing__hover_enabled=&#8220;off&#8220; button_one_letter_spacing__hover_enabled=&#8220;off&#8220; button_two_letter_spacing__hover_enabled=&#8220;off&#8220; button_bg_color__hover_enabled=&#8220;off&#8220; button_one_bg_color__hover_enabled=&#8220;off&#8220; button_two_bg_color__hover_enabled=&#8220;off&#8220; sticky_transition=&#8220;on&#8220;][\/et_pb_slide][\/et_pb_fullwidth_slider][\/et_pb_section][et_pb_section fb_built=&#8220;1&#8243; admin_label=&#8220;section&#8220; _builder_version=&#8220;4.16&#8243; background_color=&#8220;#ffffff&#8220; transparent_background=&#8220;off&#8220; global_colors_info=&#8220;{}&#8220;][et_pb_row column_structure=&#8220;3_4,1_4&#8243; admin_label=&#8220;row&#8220; _builder_version=&#8220;4.16&#8243; background_size=&#8220;initial&#8220; background_position=&#8220;top_left&#8220; background_repeat=&#8220;repeat&#8220; global_colors_info=&#8220;{}&#8220;][et_pb_column type=&#8220;3_4&#8243; _builder_version=&#8220;4.16&#8243; custom_padding=&#8220;|||&#8220; global_colors_info=&#8220;{}&#8220; custom_padding__hover=&#8220;|||&#8220;][et_pb_accordion admin_label=&#8220;Vita&#8220; _builder_version=&#8220;4.27.4&#8243; use_border_color=&#8220;off&#8220; border_color=&#8220;#ffffff&#8220; border_style=&#8220;solid&#8220; global_colors_info=&#8220;{}&#8220;][et_pb_accordion_item title=&#8220;Ricarda Merbeth \u2013 Kammers\u00e4ngerin | Sopran&#8220; _builder_version=&#8220;4.25.1&#8243; global_colors_info=&#8220;{}&#8220; open=&#8220;on&#8220;]<\/p>\n<p>Die deutsche Sopranistin Ricarda Merbeth geh\u00f6rt zu den f\u00fchrenden S\u00e4ngerinnen ihres Faches, und ist weltweit als Wagner- und Strauss-Interpretin gefragt.<\/p>\n<p>Nach ihrem Studium an der Hochschule f\u00fcr Musik &#8222;Mendelssohn Bartholdy&#8220; in Leipzig begann sie ihre Karriere zun\u00e4chst in Magdeburg und Weimar. 1999 deb\u00fctierte sie als Marzelline in Fidelio an der Wiener Staatsoper und war bis 2005 Ensemblemitglied.\u00a0 In dieser Zeit sang sie\u00a0 u.a. Contessa, Donna Anna, Pamina, Fiordiligi, Chrysothemis, Elisabeth, Eva, Irene, Elsa, Marschallin und Sieglinde.<\/p>\n<p>Ein besonderer H\u00f6hepunkt war 2004 ihre Daphne in einer Neuproduktion an der Wiener Staatsoper. Mit dieser Titelpartie von Richard Strauss gelang Ricarda Merbeth der Durchbruch zur internationalen Karriere. Die K\u00fcnstlerin ist der Wiener Staatsoper bis heute durch regelm\u00e4\u00dfige Gastengagements verbunden, 2001 wurde die K\u00fcnstlerin mit der Eberhard Waechter-Medaille geehrt und 2010 durch den damaligen Direktor der Wiener Staatsoper, Ioan Holender, zur \u00d6sterreichischen Kammers\u00e4ngerin ernannt.<\/p>\n<p>Weitere Meilensteine ihrer Karriere waren Engagements bei den Bayreuther Festspielen: 2000 im J\u00fcrgen Flimm-Ring als Freia und Gutrune, 2002 bis 2005 und 2007 als Elisabeth in TANNH\u00c4USER und seit 2013 bis 2018 singt sie die Partie der Senta in der aktuellen Produktion DER FLIEGENDE HOLL\u00c4NDER.<\/p>\n<p>Seit 2006 ist Ricarda Merbeth freiberuflich t\u00e4tig und singt an den f\u00fchrenden Opernh\u00e4usern der Welt, wie Hamburgische Staatsoper, Staatsoper Unter den Linden Berlin, Bayerische Staatsoper M\u00fcnchen, Mail\u00e4nder Scala, Deutsche Oper Berlin, New National Theatre Tokyo, Opera Nationale de Paris, Teatro Real Madrid, Gran Teatre del Liceu, Dutch Natinal Opera,\u00a0 Sydney Opera House sowie den Opernh\u00e4usern von Toulouse, Marseille, Helsinki, Stockholm, Z\u00fcrich, der Wiener Staatsoper und dem Wiener Musikverein.<\/p>\n<p>Hier singt alle wichtigen Partien ihres Faches: ua. Br\u00fcnnhilde (WALK\u00dcRE), Br\u00fcnnhilde (SIEGFRIED), Br\u00fcnnhilde (G\u00d6TTERD\u00c4MMERUNG), Isolde (TRISTANUND ISOLDE), Senta (DER FLIEGENDE HOLL\u00c4NDER), Kundry (PARSIFAL), Ortrud (LOHENGRIN), Elsa (LOHENGRIN), Elisabeth und Venus (TANNH\u00c4USER),<br \/>F\u00e4rberin (FRAU OHNE SCHATTEN),\u00a0 Elektra (ELEKTRA), Helena (\u00c4GYPTISCHE HELENA), Salome (SALOME), Ariadne (ARIADNE AUF NAXOS),\u00a0 Marschallin (ROSENKAVALIER), Turandot (TURANDOT) und Leonore (FIDELIO).<\/p>\n<p>Ihr Konzertrepertoire umfasst u.a. Wesendonck-Lieder, War Requiem von Benjamin Britten, Beethovens Missa Solemnis, Stabat Mater von Szymanowski, Glagolitische Messe von Leos Janacek, Vier letzte Lieder und Brentano-Lieder von Richard Strauss, die 8. Sinfonie von Gustav Mahler.<\/p>\n<p>Im November 2018 gab die S\u00e4ngerin ihr erfolgreiches Deb\u00fct als Elektra in der legend\u00e4ren Inszenierung von Patrice Ch\u00e9reau an der Mail\u00e4nder Scala.<\/p>\n<p>Sie arbeitet mit renommierten Dirigentinnen und Dirigenten wie Simone Young, Philippe Augin, Daniel Barenboim, Frank Beermann, Pierre Boulez, Semyon Bychkov, Riccardo Chailly, Myung-whun Chung, Christoph von Dohn\u00e1nyi, Dan Ettinger, James Gaffigan, Daniele Gatti, Edward Gardner, Thomas Guggeis, Marek Janowski, Mariss Jansons, Philippe Jordan, Fabio Luisi, Ingo Metzmacher, Kent Nagano, Yannick N\u00e9zet-S\u00e9guin, Seiji Ozawa, Kirill Petrenko, Donald Runnicles, Pinchas Steinberg, Christian Thielemann, Constantin Trinks, Franz Welser-M\u00f6st.<\/p>\n<p><span>Sie hat mit den folgenden Regisseurinnen und Regisseuren gearbeitet: <\/span>Daniele Abbado, Philippe Arlaud, Sven-Eric Bechtholf, Calixto Bieto, Nicolas Brieger, Robert Carsen, Luigi De Angelis, Michael Fau, J\u00fcrgen Flimm, Kasper Holten, Nicolas Joel, G\u00fcnter Kr\u00e4mer, Marco Arturo Marelli, Mario Martone, Alex Oll\u00e9, Charles Roubaud, Otto Schenk, Matthias von Stegmann, Achim Thorwald, Katharina Wagner, Krzysztof Warlikowski.<\/p>\n<p><strong>In den letzten Jahren hat sich Ricarda Merbeth ihre jetzigen wichtigsten Partien\u00a0 &#8211; ua. Isolde, Br\u00fcnnhilden, Senta, Elektra, F\u00e4rberin, Ortrud, Turandot &#8211;\u00a0 gesangstechnisch\/interpretatorisch gemeinsam mit Prof. Ks Wolfgang Millgramm in Berlin erarbeitet.\u00a0<\/strong><\/p>\n<p>\u00a0Wichtige Deb\u00fcts seit 2016: Isolde an der Hamburger Staatsoper, Turandot und Br\u00fcnnhilde \/ SIEGFRIED an der Deutschen Oper Berlin, Elektra an der Mail\u00e4nder Scala sowie an der Berliner Staatsoper. Ebenso an der Mail\u00e4nder Scala sang sie 2019 die Titelrolle in DIE \u00c4GYPTISCHE HELENA. 2020 sang sie Br\u00fcnnhilde \/ DIE WALK\u00dcRE in Lissabon und Madrid, Senta \u00a0an der Berliner Staatsoper, Elektra an der Wiener Staatsoper. 2022 und 2023 sang sie u.a. Br\u00fcnnhilde \/G\u00d6TTERD\u00c4MMERUNG am Teatro Real de Madrid, Turandot beim Spring Festival in Tokyo, an der Berliner Staatsoper die Titelpartie in ELEKTRA, \u00a0Ortrud in Bologna, Kundry\u00a0 mit dem Philharmonischen Orchester Bergen, Isolde in Valencia, die Br\u00fcnnhilden im RING-Zyklus an der Semperoper Dresden und an der Wiener Staatsoper, Senta beim Baltic Opera Festival und an der Hamburger Staatsoper sowie erneut die Elektra an der Berliner und der Wiener Staatsoper. 2024, 2025 und 2026 war Ricarda Merbeth u.a. erstmals szenisch als F\u00e4rberin \/ FRAU OHNE SCHATTEN am Th\u00e9\u00e2tre du Capitole Toulouse zu erleben, au\u00dferdem in Sch\u00f6nbergs GURRELIEDERN am Sydney Opera House, als Br\u00fcnnhilde \/ RING -Zyklus an der Deutschen Oper Berlin, in Mahlers Sinfonie Nr. 8 mit der Staatskapelle in Dresden,\u00a0 als Elektra und Salome am Teatro di San Carlo in Neapel, Senta an der Staatsoper Unter den Linden, Isolde an der Deutschen Oper Berlin, Elektra an der Finnischen Nationaloper, Salome am Teatro Col\u00f3n Buenos Aires und in ihrem szenischen Rollendeb\u00fct als Kundry bei den Tiroler Festspielen Erl.<\/p>\n<p>[\/et_pb_accordion_item][et_pb_accordion_item title=&#8220;Zuk\u00fcnftige Projekte&#8220; open=&#8220;off&#8220; _builder_version=&#8220;4.27.4&#8243; global_colors_info=&#8220;{}&#8220;]<\/p>\n<p>2026 und 2027 ist Ricarda Merbeth u.a. als\u00a0 Elektra an der Deutschen Oper Berlin und beim Maggio Musicale in Florenz, als Ortrud am Palau de les Arts Reina Sof\u00eda in Valencia, und in ihrem Rollendeb\u00fct als Fremde F\u00fcrstin \/ RUSALKA am Th\u00e9\u00e2tre du Capitole Toulouse zu h\u00f6ren. Au\u00dferdem tritt sie mit Richard Strauss&#8216; BRENTANO-LIEDERN und VIER LETZTEN LIEDERN mit dem Orchester der Finnischen Nationaloper in Helsinki auf, singt den Schlussgesang der Br\u00fcnnhilde \/ G\u00d6TTERD\u00c4MMERUNG und Liebestod \/ TRISTAN UND ISOLDE mit dem Orchester der RAI in Turin sowie VIER LETZTE LIEDER in W\u00fcrzburg.\u00a0\u00a0<\/p>\n<p>&nbsp;<\/p>\n<p><a href=\"\/kalender\" class=\"small-button smallsilver\">Alle neuen Termine ansehen<\/a><\/p>\n<p>[\/et_pb_accordion_item][et_pb_accordion_item title=&#8220;Ver\u00f6ffentlichungen und Tontr\u00e4ger&#8220; _builder_version=&#8220;4.16&#8243; global_colors_info=&#8220;{}&#8220; open=&#8220;off&#8220;]Ein gro\u00dfes internationales Echo erfuhr insbesondere die Ver\u00f6ffentlichung der CD Ricarda Merbeths mit &#8222;Vier letzte Lieder&#8220; sowie den &#8222;Brentano-Liedern&#8220; von Richard Strauss, aufgenommen in der Staatskapelle Weimar unter Michael Hal\u00e1sz (erschienen bei NAXOS).<\/p>\n<p><strong>CD:<\/strong><\/p>\n<\/p>\n<ul>\n<li>&#8222;Fliegender Holl\u00e4nder&#8220; unter Marek Janowski \u2013 erschienen bei Pentatone;<\/li>\n<li>&#8222;Rheingold&#8220; unter Marek Janowski \u2013 erschienen bei Pentatone;<\/li>\n<li>&#8222;Vier letzte Lieder&#8220; von Richard Strauss \u2013 erschienen bei Naxos;<\/li>\n<li>&#8222;Brentano-Lieder&#8220; Staatskapelle Weimar \u2013 erschienen bei Naxos;<\/li>\n<li>&#8222;Symphonie No. 8&#8220; von Gustav Mahler unter Bertrant de Billy \u2013 erschienen bei Naxos.<\/li>\n<\/ul>\n<p><strong>DVD:<\/strong><\/p>\n<ul>\n<li>&#8222;Fliegender Holl\u00e4nder&#8220; \u2013 Bayreuther Festspiele;<\/li>\n<li>&#8222;Meistersinger von N\u00fcrnberg&#8220; \u2013 erschienen bei Unitel Classica;<\/li>\n<li>&#8222;Symphonie No. 8&#8220; von Gustav Mahler unter Riccardo Chailly \u2013 erschienen bei Naxos;<\/li>\n<li>&#8222;Symphonie No. 2&#8220; von Gustav Mahler unter Mariss Janssons \u2013 erschienen bei Naxos.<\/li>\n<\/ul>\n<p><strong>Buch:<\/strong><\/p>\n<ul>\n<li>&#8222;Von Hertzen-m\u00f6ge es wieder zu Hertzen gehen&#8220; \u2013 erschienen beim Verlag Haag+Herchen anl\u00e4\u00dflich des&nbsp;20-j\u00e4hrigen B\u00fchnenjubil\u00e4ums von Ricarda Merbeth.<\/li>\n<\/ul>\n<p>[\/et_pb_accordion_item][et_pb_accordion_item title=&#8220;Auszeichnungen&#8220; _builder_version=&#8220;4.16&#8243; global_colors_info=&#8220;{}&#8220; open=&#8220;off&#8220;]Ricarda Merbeth wurde f\u00fcr ihre k\u00fcnstlerischen Leistungen mit folgenden Auszeichnungen geehrt:<\/p>\n<ul>\n<li>1993 Richard-Wagner-Stipendiatin Braunschweig;<\/li>\n<li>2001 Eberhard-Waechter-Medaille der Wiener Staatsoper f\u00fcr die Interpretation der Irene im RIENZI;<\/li>\n<li>2008 Editor\u00b4s Coise May 2008 f\u00fcr die&nbsp;CD Richard Strauss, &#8222;Vier letzte Lieder und Brentano-Lieder&#8220;, erschienen bei NAXOS;<\/li>\n<li>2011 Ernennung zur Kammers\u00e4ngerin der Wiener Staatsoper.<\/li>\n<\/ul>\n<p>[\/et_pb_accordion_item][\/et_pb_accordion][\/et_pb_column][et_pb_column type=&#8220;1_4&#8243; _builder_version=&#8220;4.16&#8243; custom_padding=&#8220;|||&#8220; global_colors_info=&#8220;{}&#8220; custom_padding__hover=&#8220;|||&#8220;][et_pb_blurb title=&#8220;Vita Download&#8220; url=&#8220;\/biografien-download\/&#8220; use_icon=&#8220;on&#8220; font_icon=&#8220;&#xe004;||divi||400&#8243; admin_label=&#8220;Vita Download&#8220; _builder_version=&#8220;4.16&#8243; background_size=&#8220;initial&#8220; background_position=&#8220;top_left&#8220; background_repeat=&#8220;repeat&#8220; text_orientation=&#8220;center&#8220; animation=&#8220;off&#8220; global_colors_info=&#8220;{}&#8220;]<\/p>\n<p>F\u00fcr die\u00a0Presse steht die Biografie von Ricarda Merbeth im <strong><a title=\"Pressebereich\" href=\"\/biografien-download\">Pressebereich<\/a><\/strong>\u00a0als Textdatei zum Download bereit.<\/p>\n<p>[\/et_pb_blurb][\/et_pb_column][\/et_pb_row][\/et_pb_section]<\/p>\n","protected":false},"excerpt":{"rendered":"<p>Die deutsche Sopranistin Ricarda Merbeth geh\u00f6rt zu den f\u00fchrenden S\u00e4ngerinnen ihres Faches, und ist weltweit als Wagner- und Strauss-Interpretin gefragt. Nach ihrem Studium an der Hochschule f\u00fcr Musik &#8222;Mendelssohn Bartholdy&#8220; in Leipzig begann sie ihre Karriere zun\u00e4chst in Magdeburg und Weimar. 1999 deb\u00fctierte sie als Marzelline in Fidelio an der Wiener Staatsoper und war bis [&hellip;]<\/p>\n","protected":false},"author":3,"featured_media":0,"parent":0,"menu_order":0,"comment_status":"open","ping_status":"open","template":"","meta":{"_et_pb_use_builder":"on","_et_pb_old_content":"","_et_gb_content_width":"","footnotes":""},"class_list":["post-51","page","type-page","status-publish","hentry"],"_links":{"self":[{"href":"https:\/\/ricardamerbeth.com\/en\/wp-json\/wp\/v2\/pages\/51","targetHints":{"allow":["GET"]}}],"collection":[{"href":"https:\/\/ricardamerbeth.com\/en\/wp-json\/wp\/v2\/pages"}],"about":[{"href":"https:\/\/ricardamerbeth.com\/en\/wp-json\/wp\/v2\/types\/page"}],"author":[{"embeddable":true,"href":"https:\/\/ricardamerbeth.com\/en\/wp-json\/wp\/v2\/users\/3"}],"replies":[{"embeddable":true,"href":"https:\/\/ricardamerbeth.com\/en\/wp-json\/wp\/v2\/comments?post=51"}],"version-history":[{"count":144,"href":"https:\/\/ricardamerbeth.com\/en\/wp-json\/wp\/v2\/pages\/51\/revisions"}],"predecessor-version":[{"id":4629,"href":"https:\/\/ricardamerbeth.com\/en\/wp-json\/wp\/v2\/pages\/51\/revisions\/4629"}],"wp:attachment":[{"href":"https:\/\/ricardamerbeth.com\/en\/wp-json\/wp\/v2\/media?parent=51"}],"curies":[{"name":"wp","href":"https:\/\/api.w.org\/{rel}","templated":true}]}}